{"id":17,"date":"2014-09-14T18:10:51","date_gmt":"2014-09-14T17:10:51","guid":{"rendered":"https:\/\/institutopsiquiatriaypsicoterapia.com\/madrid-terapia\/?page_id=17"},"modified":"2016-07-27T10:27:23","modified_gmt":"2016-07-27T09:27:23","slug":"somos-hacemos","status":"publish","type":"page","link":"https:\/\/institutopsiquiatriaypsicoterapia.com\/madrid-terapia\/somos-hacemos\/","title":{"rendered":"ofrecemos hacemos"},"content":{"rendered":"<p>[et_pb_section admin_label=\u00bbsection\u00bb transparent_background=\u00bbon\u00bb background_color=\u00bb#ffffff\u00bb allow_player_pause=\u00bboff\u00bb inner_shadow=\u00bboff\u00bb parallax=\u00bboff\u00bb parallax_method=\u00bboff\u00bb padding_mobile=\u00bbon\u00bb make_fullwidth=\u00bboff\u00bb use_custom_width=\u00bboff\u00bb width_unit=\u00bbon\u00bb make_equal=\u00bboff\u00bb use_custom_gutter=\u00bboff\u00bb custom_padding=\u00bb0px|||\u00bb][et_pb_row admin_label=\u00bbFila\u00bb make_fullwidth=\u00bboff\u00bb use_custom_width=\u00bboff\u00bb width_unit=\u00bbon\u00bb use_custom_gutter=\u00bboff\u00bb custom_padding=\u00bb||0px|\u00bb padding_mobile=\u00bbon\u00bb allow_player_pause=\u00bboff\u00bb parallax=\u00bboff\u00bb parallax_method=\u00bboff\u00bb make_equal=\u00bboff\u00bb parallax_1=\u00bboff\u00bb parallax_method_1=\u00bboff\u00bb column_padding_mobile=\u00bbon\u00bb][et_pb_column type=\u00bb4_4&#8243;][et_pb_text admin_label=\u00bbTexto\u00bb background_layout=\u00bblight\u00bb text_orientation=\u00bbleft\u00bb use_border_color=\u00bboff\u00bb border_color=\u00bb#ffffff\u00bb border_style=\u00bbsolid\u00bb custom_margin=\u00bb||10px|\u00bb saved_tabs=\u00bball\u00bb]<\/p>\n<h2 class=\"titulo\"><strong>Ofrecemos \u2013 Hacemos<\/strong><\/h2>\n<hr class=\"barra\" \/>\n<p>[\/et_pb_text][\/et_pb_column][\/et_pb_row][et_pb_row admin_label=\u00bbFila\u00bb make_fullwidth=\u00bboff\u00bb use_custom_width=\u00bboff\u00bb width_unit=\u00bbon\u00bb use_custom_gutter=\u00bbon\u00bb gutter_width=\u00bb2&#8243; padding_mobile=\u00bboff\u00bb allow_player_pause=\u00bboff\u00bb parallax=\u00bboff\u00bb parallax_method=\u00bboff\u00bb make_equal=\u00bboff\u00bb parallax_1=\u00bboff\u00bb parallax_method_1=\u00bboff\u00bb parallax_2=\u00bboff\u00bb parallax_method_2=\u00bboff\u00bb column_padding_mobile=\u00bbon\u00bb][et_pb_column type=\u00bb1_3&#8243;][et_pb_image admin_label=\u00bbImagen\u00bb src=\u00bbhttps:\/\/institutopsiquiatriaypsicoterapia.com\/madrid-terapia\/wp-content\/uploads\/2014\/09\/hacemos-psiquiatria-psicoterapia-madrid.jpg\u00bb show_in_lightbox=\u00bboff\u00bb url_new_window=\u00bboff\u00bb use_overlay=\u00bboff\u00bb animation=\u00bbfade_in\u00bb sticky=\u00bboff\u00bb align=\u00bbcenter\u00bb force_fullwidth=\u00bboff\u00bb always_center_on_mobile=\u00bbon\u00bb use_border_color=\u00bboff\u00bb border_color=\u00bb#ffffff\u00bb border_style=\u00bbsolid\u00bb] [\/et_pb_image][\/et_pb_column][et_pb_column type=\u00bb2_3&#8243;][et_pb_text admin_label=\u00bbTexto\u00bb background_layout=\u00bblight\u00bb text_orientation=\u00bbleft\u00bb use_border_color=\u00bboff\u00bb border_color=\u00bb#ffffff\u00bb border_style=\u00bbsolid\u00bb]<\/p>\n<p style=\"text-align: justify;\">En nuestros tratamientos, tanto individuales como grupales, nos orientamos desde una visi\u00f3n centrada en las capacidades y potencialidades personales, alej\u00e1ndonos de una visi\u00f3n m\u00e1s restrictiva que enfatiza los s\u00edntomas. Desde esta perspectiva atendemos a personas de todas las edades desde ni\u00f1os a ancianos.<\/p>\n<p style=\"text-align: justify;\">Nuestro planteamiento es totalmente individualizado esforz\u00e1ndonos en entender la idiosincrasia de cada una de las personas que conf\u00eda en nosotros como terapeutas.<br \/>\nCentrados en la persona y en sus recursos y no en la patolog\u00eda o carencias, abordamos las diversas crisis vitales y las vivencias traum\u00e1ticas (actuales y pasadas) que lastran el desarrollo de una vida m\u00e1s plena. Nuestro objetivo es proporcionar ayuda en el afrontamiento de dichas problem\u00e1ticas facilitando de esta forma una mejor\u00eda en la calidad de vida.<\/p>\n<p style=\"text-align: justify;\">El aumento de la libertad personal, tan limitada y restringida en muchas personas, es el eje central de nuestra perspectiva terap\u00e9utica.<br \/>\nEn el \u00e1rea de la atenci\u00f3n a profesionales llevamos a cabo formaci\u00f3n y supervisiones, tanto individuales como grupales, con psicoterapeutas y coaches analizando de forma especial las problem\u00e1ticas y dificultades personales que surgen a lo largo del proceso de tratamiento.<br \/>\nEn el \u00e1mbito judicial y legal asesoramos sobre las opciones legales de reclamaciones de da\u00f1os ps\u00edquicos y realizamos informes y peritajes.<br \/>\nPonemos a disposici\u00f3n de las personas que nos consultan nuestra experiencia profesional forjada desde hace m\u00e1s de 20 a\u00f1os.<\/p>\n<p>[\/et_pb_text][\/et_pb_column][\/et_pb_row][\/et_pb_section]<\/p>\n","protected":false},"excerpt":{"rendered":"<p>Ofrecemos \u2013 Hacemos En nuestros tratamientos, tanto individuales como grupales, nos orientamos desde una visi\u00f3n centrada en las capacidades y potencialidades personales, alej\u00e1ndonos de una visi\u00f3n m\u00e1s restrictiva que enfatiza los s\u00edntomas. Desde esta perspectiva atendemos a personas de todas las edades desde ni\u00f1os a ancianos. Nuestro planteamiento es totalmente individualizado esforz\u00e1ndonos en entender la [&hellip;]<\/p>\n","protected":false},"author":1,"featured_media":0,"parent":0,"menu_order":0,"comment_status":"open","ping_status":"open","template":"","meta":{"_et_pb_use_builder":"on","_et_pb_old_content":"<p>[column col=\"1\/3\"]<a href=\"https:\/\/institutopsiquiatriaypsicoterapia.com\/madrid-terapia\/wp-content\/uploads\/2014\/09\/hacemos-psiquiatria-psicoterapia-madrid.jpg\"><img class=\"alignnone size-full wp-image-68\" src=\"https:\/\/institutopsiquiatriaypsicoterapia.com\/madrid-terapia\/wp-content\/uploads\/2014\/09\/hacemos-psiquiatria-psicoterapia-madrid.jpg\" alt=\"hacemos-psiquiatria-psicoterapia-madrid\" width=\"600\" height=\"514\" \/><\/a>[\/column][column col=\"2\/3\"]<\/p><p style=\"text-align: justify;\">En nuestros tratamientos, tanto individuales como grupales,\u00a0 nos orientamos desde una visi\u00f3n centrada en las capacidades y potencialidades personales, alej\u00e1ndonos de una visi\u00f3n m\u00e1s restrictiva que enfatiza los s\u00edntomas. Desde esta perspectiva\u00a0 atendemos a personas de todas las edades desde ni\u00f1os a ancianos.<\/p><p style=\"text-align: justify;\">Nuestro planteamiento es totalmente individualizado esforz\u00e1ndonos en entender la idiosincrasia de cada una de las personas que conf\u00eda en nosotros como terapeutas.<br \/> Centrados en la persona y en sus recursos y no en la patolog\u00eda o carencias, abordamos las diversas crisis vitales y las vivencias traum\u00e1ticas (actuales y pasadas) que lastran el desarrollo de una vida m\u00e1s plena. Nuestro objetivo es proporcionar ayuda en el afrontamiento de dichas problem\u00e1ticas facilitando de esta forma\u00a0 una mejor\u00eda en la calidad de vida.<\/p><p style=\"text-align: justify;\">El aumento de la libertad personal, tan limitada y restringida en muchas personas, es el eje central de nuestra perspectiva terap\u00e9utica.<br \/> En el \u00e1rea de la atenci\u00f3n a profesionales llevamos a cabo formaci\u00f3n y supervisiones, tanto individuales como grupales, con psicoterapeutas y coaches analizando de forma especial las problem\u00e1ticas y dificultades personales que surgen a lo largo del proceso de tratamiento.<br \/> En el \u00e1mbito judicial y legal\u00a0 asesoramos sobre\u00a0 las opciones legales de reclamaciones de da\u00f1os ps\u00edquicos y realizamos informes y peritajes.<br \/> Ponemos a disposici\u00f3n de las personas que nos consultan nuestra experiencia profesional forjada desde hace m\u00e1s de 20 a\u00f1os.<\/p><p>[\/column]<\/p>","_et_gb_content_width":"","footnotes":""},"class_list":["post-17","page","type-page","status-publish","hentry"],"_links":{"self":[{"href":"https:\/\/institutopsiquiatriaypsicoterapia.com\/madrid-terapia\/wp-json\/wp\/v2\/pages\/17","targetHints":{"allow":["GET"]}}],"collection":[{"href":"https:\/\/institutopsiquiatriaypsicoterapia.com\/madrid-terapia\/wp-json\/wp\/v2\/pages"}],"about":[{"href":"https:\/\/institutopsiquiatriaypsicoterapia.com\/madrid-terapia\/wp-json\/wp\/v2\/types\/page"}],"author":[{"embeddable":true,"href":"https:\/\/institutopsiquiatriaypsicoterapia.com\/madrid-terapia\/wp-json\/wp\/v2\/users\/1"}],"replies":[{"embeddable":true,"href":"https:\/\/institutopsiquiatriaypsicoterapia.com\/madrid-terapia\/wp-json\/wp\/v2\/comments?post=17"}],"version-history":[{"count":0,"href":"https:\/\/institutopsiquiatriaypsicoterapia.com\/madrid-terapia\/wp-json\/wp\/v2\/pages\/17\/revisions"}],"wp:attachment":[{"href":"https:\/\/institutopsiquiatriaypsicoterapia.com\/madrid-terapia\/wp-json\/wp\/v2\/media?parent=17"}],"curies":[{"name":"wp","href":"https:\/\/api.w.org\/{rel}","templated":true}]}}