{"id":13,"date":"2014-09-14T18:10:14","date_gmt":"2014-09-14T17:10:14","guid":{"rendered":"https:\/\/institutopsiquiatriaypsicoterapia.com\/madrid-terapia\/?page_id=13"},"modified":"2016-07-27T10:25:20","modified_gmt":"2016-07-27T09:25:20","slug":"inpsi-quienes-somos","status":"publish","type":"page","link":"https:\/\/institutopsiquiatriaypsicoterapia.com\/madrid-terapia\/inpsi-quienes-somos\/","title":{"rendered":"inpsi quienes somos"},"content":{"rendered":"<p>[et_pb_section admin_label=\u00bbsection\u00bb transparent_background=\u00bbon\u00bb background_color=\u00bb#ffffff\u00bb allow_player_pause=\u00bboff\u00bb inner_shadow=\u00bboff\u00bb parallax=\u00bboff\u00bb parallax_method=\u00bboff\u00bb padding_mobile=\u00bbon\u00bb make_fullwidth=\u00bboff\u00bb use_custom_width=\u00bboff\u00bb width_unit=\u00bbon\u00bb make_equal=\u00bboff\u00bb use_custom_gutter=\u00bboff\u00bb custom_padding=\u00bb0px|||\u00bb][et_pb_row admin_label=\u00bbFila\u00bb make_fullwidth=\u00bboff\u00bb use_custom_width=\u00bboff\u00bb width_unit=\u00bbon\u00bb use_custom_gutter=\u00bboff\u00bb custom_padding=\u00bb||0px|\u00bb padding_mobile=\u00bbon\u00bb allow_player_pause=\u00bboff\u00bb parallax=\u00bboff\u00bb parallax_method=\u00bboff\u00bb make_equal=\u00bboff\u00bb parallax_1=\u00bboff\u00bb parallax_method_1=\u00bboff\u00bb column_padding_mobile=\u00bbon\u00bb][et_pb_column type=\u00bb4_4&#8243;][et_pb_text admin_label=\u00bbTexto\u00bb background_layout=\u00bblight\u00bb text_orientation=\u00bbleft\u00bb use_border_color=\u00bboff\u00bb border_color=\u00bb#ffffff\u00bb border_style=\u00bbsolid\u00bb custom_margin=\u00bb||10px|\u00bb]<\/p>\n<h2 class=\"titulo\"><strong>Qu\u00e9 es INPSI<\/strong><\/h2>\n<hr class=\"barra\" \/>\n<p>[\/et_pb_text][\/et_pb_column][\/et_pb_row][et_pb_row admin_label=\u00bbFila\u00bb make_fullwidth=\u00bboff\u00bb use_custom_width=\u00bboff\u00bb width_unit=\u00bbon\u00bb use_custom_gutter=\u00bbon\u00bb gutter_width=\u00bb2&#8243; padding_mobile=\u00bboff\u00bb allow_player_pause=\u00bboff\u00bb parallax=\u00bboff\u00bb parallax_method=\u00bboff\u00bb make_equal=\u00bboff\u00bb parallax_1=\u00bboff\u00bb parallax_method_1=\u00bboff\u00bb parallax_2=\u00bboff\u00bb parallax_method_2=\u00bboff\u00bb column_padding_mobile=\u00bbon\u00bb][et_pb_column type=\u00bb1_3&#8243;][et_pb_image admin_label=\u00bbImagen\u00bb src=\u00bbhttps:\/\/institutopsiquiatriaypsicoterapia.com\/madrid-terapia\/wp-content\/uploads\/2014\/09\/inpsi-somos.jpg\u00bb show_in_lightbox=\u00bboff\u00bb url_new_window=\u00bboff\u00bb use_overlay=\u00bboff\u00bb animation=\u00bbfade_in\u00bb sticky=\u00bboff\u00bb align=\u00bbcenter\u00bb force_fullwidth=\u00bboff\u00bb always_center_on_mobile=\u00bbon\u00bb use_border_color=\u00bboff\u00bb border_color=\u00bb#ffffff\u00bb border_style=\u00bbsolid\u00bb] [\/et_pb_image][\/et_pb_column][et_pb_column type=\u00bb2_3&#8243;][et_pb_text admin_label=\u00bbTexto\u00bb background_layout=\u00bblight\u00bb text_orientation=\u00bbleft\u00bb use_border_color=\u00bboff\u00bb border_color=\u00bb#ffffff\u00bb border_style=\u00bbsolid\u00bb]<\/p>\n<p style=\"text-align: justify;\">El Instituto de Investigaci\u00f3n en Psiquiatr\u00eda y Psicoterapia INPSI naci\u00f3 en el a\u00f1o 2000 con el objetivo de proporcionar, desde el \u00e1mbito privado,\u00a0 una asistencia terap\u00e9utica de alta calidad y eficiencia a las personas que por diversos aspectos: vivenciales, psicopatol\u00f3gicos, adaptativos, sociales o relacionales; han consultado con nosotros.<\/p>\n<p style=\"text-align: justify;\">Desde nuestra constituci\u00f3n hemos tratado de realizar una difusi\u00f3n de todas aquellas cuestiones que puedan ayudar a un mejor ajuste en las condiciones de adaptaci\u00f3n individual\u00a0 y relacional;\u00a0 intentando contribuir a la mejora de la calidad de vida personal\u00a0 y comunitaria en nuestra sociedad.<\/p>\n<p style=\"text-align: justify;\">Hemos atendido a m\u00e1s de 6000 personas que, en alg\u00fan momento de sus vidas, han depositado en nosotros su confianza. Nuestra trayectoria nos avala como una de las entidades de referencia en el tratamiento psiqui\u00e1trico y psicoterap\u00e9utico dentro de Espa\u00f1a.<\/p>\n<p>[\/et_pb_text][\/et_pb_column][\/et_pb_row][\/et_pb_section]<\/p>\n","protected":false},"excerpt":{"rendered":"<p>Qu\u00e9 es INPSI El Instituto de Investigaci\u00f3n en Psiquiatr\u00eda y Psicoterapia INPSI naci\u00f3 en el a\u00f1o 2000 con el objetivo de proporcionar, desde el \u00e1mbito privado,\u00a0 una asistencia terap\u00e9utica de alta calidad y eficiencia a las personas que por diversos aspectos: vivenciales, psicopatol\u00f3gicos, adaptativos, sociales o relacionales; han consultado con nosotros. Desde nuestra constituci\u00f3n hemos [&hellip;]<\/p>\n","protected":false},"author":1,"featured_media":0,"parent":0,"menu_order":0,"comment_status":"open","ping_status":"open","template":"","meta":{"_et_pb_use_builder":"on","_et_pb_old_content":"<p>[column col=\"1\/3\"]<a href=\"https:\/\/institutopsiquiatriaypsicoterapia.com\/madrid-terapia\/wp-content\/uploads\/2014\/09\/inpsi-lienzo.jpg\"><img class=\"aligncenter size-full wp-image-267\" src=\"https:\/\/institutopsiquiatriaypsicoterapia.com\/madrid-terapia\/wp-content\/uploads\/2014\/09\/inpsi-somos.jpg\" alt=\"inpsi-somos\" width=\"365\" height=\"314\" \/><\/a>[\/column][column col=\"2\/3\"]<\/p><p style=\"text-align: justify;\">El Instituto de Investigaci\u00f3n en Psiquiatr\u00eda y Psicoterapia INPSI naci\u00f3 en el a\u00f1o 2000 con el objetivo de proporcionar, desde el \u00e1mbito privado,\u00a0 una asistencia terap\u00e9utica de alta calidad y eficiencia a las personas que por diversos aspectos: vivenciales, psicopatol\u00f3gicos, adaptativos, sociales o relacionales; han consultado con nosotros.<\/p><p style=\"text-align: justify;\">Desde nuestra constituci\u00f3n hemos tratado de realizar una difusi\u00f3n de todas aquellas cuestiones que puedan ayudar a un mejor ajuste en las condiciones de adaptaci\u00f3n individual\u00a0 y relacional;\u00a0 intentando contribuir a la mejora de la calidad de vida personal\u00a0 y comunitaria en nuestra sociedad.<\/p><p style=\"text-align: justify;\">Hemos atendido a m\u00e1s de 6000 personas que, en alg\u00fan momento de sus vidas, han depositado en nosotros su confianza. Nuestra trayectoria nos avala como una de las entidades de referencia en el tratamiento psiqui\u00e1trico y psicoterap\u00e9utico dentro de Espa\u00f1a.<\/p><p>[\/column]<\/p>","_et_gb_content_width":"","footnotes":""},"class_list":["post-13","page","type-page","status-publish","hentry"],"_links":{"self":[{"href":"https:\/\/institutopsiquiatriaypsicoterapia.com\/madrid-terapia\/wp-json\/wp\/v2\/pages\/13","targetHints":{"allow":["GET"]}}],"collection":[{"href":"https:\/\/institutopsiquiatriaypsicoterapia.com\/madrid-terapia\/wp-json\/wp\/v2\/pages"}],"about":[{"href":"https:\/\/institutopsiquiatriaypsicoterapia.com\/madrid-terapia\/wp-json\/wp\/v2\/types\/page"}],"author":[{"embeddable":true,"href":"https:\/\/institutopsiquiatriaypsicoterapia.com\/madrid-terapia\/wp-json\/wp\/v2\/users\/1"}],"replies":[{"embeddable":true,"href":"https:\/\/institutopsiquiatriaypsicoterapia.com\/madrid-terapia\/wp-json\/wp\/v2\/comments?post=13"}],"version-history":[{"count":0,"href":"https:\/\/institutopsiquiatriaypsicoterapia.com\/madrid-terapia\/wp-json\/wp\/v2\/pages\/13\/revisions"}],"wp:attachment":[{"href":"https:\/\/institutopsiquiatriaypsicoterapia.com\/madrid-terapia\/wp-json\/wp\/v2\/media?parent=13"}],"curies":[{"name":"wp","href":"https:\/\/api.w.org\/{rel}","templated":true}]}}